{"id":9011,"date":"2022-08-27T13:00:28","date_gmt":"2022-08-27T18:00:28","guid":{"rendered":"https:\/\/compu593.com\/?post_type=product&#038;p=9011"},"modified":"2023-06-01T11:52:45","modified_gmt":"2023-06-01T16:52:45","slug":"microsoft-office-2021-professional-plus","status":"publish","type":"product","link":"https:\/\/compu593.com\/index.php\/product\/microsoft-office-2021-professional-plus\/","title":{"rendered":"Microsoft Office 2021 Professional Plus"},"content":{"rendered":"<h5>*Las licencias de Project 2021 y Visio 2021 se compran por separado, no se incluyen en la paqueter\u00eda*<\/h5>\n<h4 class=\"c-heading-3\" data-speechify-sentence=\"\">Caracter\u00edsticas clave<\/h4>\n<p data-speechify-sentence=\"\">Con Microsoft Office 2021 Professional Plus no debes pagar mensualmente una suscripci\u00f3n gracias a que su licencia es\u00a0<strong>permanente,<\/strong>\u00a0no te preocupes por fechas ni tiempos de expiraci\u00f3n.<\/p>\n<p data-speechify-sentence=\"\">Herramientas esenciales para hacer todo el trabajo. Office Professional Plus 2021 es para personas que necesiten las aplicaciones cl\u00e1sicas de Office, adem\u00e1s de Outlook, OneDrive, Publisher y Access.<\/p>\n<p data-speechify-sentence=\"\"><strong>Una compra de pago \u00fanico<\/strong>\u00a0que se instala en un equipo PC para su uso en el trabajo o en casa.<\/p>\n<p data-speechify-sentence=\"\"><strong>Productos incluidos en Office:<\/strong><\/p>\n<p><img class=\"\" src=\"https:\/\/img-prod-cms-rt-microsoft-com.akamaized.net\/cms\/api\/am\/imageFileData\/RE282Ru?ver=af20&amp;q=90&amp;m=6&amp;h=120&amp;w=120&amp;b=%23FFFFFFFF&amp;l=f&amp;f=jpg&amp;o=t&amp;aim=true\" alt=\"Logotipo de Microsoft Word. \" width=\"45\" height=\"45\" \/>\u00a0<img class=\"\" src=\"https:\/\/img-prod-cms-rt-microsoft-com.akamaized.net\/cms\/api\/am\/imageFileData\/RE280eS?ver=d983&amp;q=90&amp;m=6&amp;h=120&amp;w=120&amp;b=%23FFFFFFFF&amp;l=f&amp;f=jpg&amp;o=t&amp;aim=true\" alt=\"Logotipo de Microsoft Excel. \" width=\"45\" height=\"45\" \/>\u00a0\u00a0\u00a0<img class=\"\" src=\"https:\/\/img-prod-cms-rt-microsoft-com.akamaized.net\/cms\/api\/am\/imageFileData\/RE2883D?ver=3026&amp;q=90&amp;m=6&amp;h=120&amp;w=120&amp;b=%23FFFFFFFF&amp;l=f&amp;f=jpg&amp;o=t&amp;aim=true\" alt=\"Logotipo de Microsoft PowerPoint. \" width=\"45\" height=\"45\" \/>\u00a0\u00a0<img class=\"\" src=\"https:\/\/img-prod-cms-rt-microsoft-com.akamaized.net\/cms\/api\/am\/imageFileData\/RE28fRa?ver=73e3&amp;q=90&amp;m=6&amp;h=120&amp;w=120&amp;b=%23FFFFFFFF&amp;l=f&amp;f=jpg&amp;o=t&amp;aim=true\" alt=\"Logotipo de Microsoft Outlook. \" width=\"45\" height=\"45\" \/>\u00a0\u00a0<img class=\"\" src=\"https:\/\/img-prod-cms-rt-microsoft-com.akamaized.net\/cms\/api\/am\/imageFileData\/RE28849?ver=8104&amp;q=90&amp;m=6&amp;h=120&amp;w=120&amp;b=%23FFFFFFFF&amp;l=f&amp;f=jpg&amp;o=t&amp;aim=true\" alt=\"Publisher icon\" width=\"45\" height=\"45\" \/>\u00a0 \u00a0<img class=\"\" src=\"https:\/\/img-prod-cms-rt-microsoft-com.akamaized.net\/cms\/api\/am\/imageFileData\/RE28dgM?ver=29ec&amp;q=90&amp;m=6&amp;h=120&amp;w=120&amp;b=%23FFFFFFFF&amp;l=f&amp;f=jpg&amp;o=t&amp;aim=true\" alt=\"Access icon\" width=\"47\" height=\"47\" \/><\/p>\n<p data-speechify-sentence=\"\">Word, Excel, PowerPoint, Outlook, Publisher y Access.<\/p>\n<p data-speechify-sentence=\"\">Gu\u00eda de activaci\u00f3n<br \/>\n<a href=\"https:\/\/compu593.com\/index.php\/microsoft-phone-activation\/\">Microsoft Phone Activation &#8211; Compu593<\/a><\/p>\n","protected":false},"excerpt":{"rendered":"<p data-speechify-sentence=\"\"><strong>Activa tu copia de Office a un precio accesible, de forma r\u00e1pida y f\u00e1cil.<\/strong><\/p>\n<p data-speechify-sentence=\"\"><strong>Podr\u00e1s utilizar Word, Excel, PowerPoint, Outlook, Publisher y m\u00e1s, en su versi\u00f3n m\u00e1s reciente.<\/strong><\/p>\n<p data-speechify-sentence=\"\">La mejor opci\u00f3n para personas que no necesitan trabajar en la nube y solo necesitan Office para un computador.<\/p>\n<p><strong>Licencia permanente, no vence ni expira.<\/strong><\/p>\n<p>Solo para 1 PC (Compatible solo con Windows 10 y Windows 11).<\/p>\n<p>Compatible con 32\/64bits.<\/p>\n<p><strong>Clave de activaci\u00f3n de producto.<\/strong><\/p>\n<p><strong>Serial de 25 caracteres alfanum\u00e9rica (XXXXX-XXXXX-XXXXX-XXXXX).<\/strong><\/p>\n<p><strong>RECUERDA QUE TODAS NUESTRAS LICENCIAS SON ORIGINALES, PODR\u00c1S DESCARGAR EL PRODUCTO DIRECTAMENTE DESDE MICROSOFT.<\/strong><\/p>\n","protected":false},"featured_media":9012,"template":"","meta":{"om_disable_all_campaigns":false,"_monsterinsights_skip_tracking":false,"_monsterinsights_sitenote_active":false,"_monsterinsights_sitenote_note":"","_monsterinsights_sitenote_category":0},"product_cat":[115],"product_tag":[],"yoast_head":"<!-- This site is optimized with the Yoast SEO plugin v19.13 - https:\/\/yoast.com\/wordpress\/plugins\/seo\/ -->\n<title>Microsoft Office 2021 Professional Plus - Compu593<\/title>\n<meta name=\"robots\" content=\"index, follow, max-snippet:-1, max-image-preview:large, max-video-preview:-1\" \/>\n<link rel=\"canonical\" href=\"https:\/\/compu593.com\/index.php\/product\/microsoft-office-2021-professional-plus\/\" \/>\n<meta property=\"og:locale\" content=\"es_ES\" \/>\n<meta property=\"og:type\" content=\"article\" \/>\n<meta property=\"og:title\" content=\"Microsoft Office 2021 Professional Plus - Compu593\" \/>\n<meta property=\"og:description\" content=\"Activa tu copia de Office a un precio accesible, de forma r\u00e1pida y f\u00e1cil. Podr\u00e1s utilizar Word, Excel, PowerPoint, Outlook, Publisher y m\u00e1s, en su versi\u00f3n m\u00e1s reciente. La mejor opci\u00f3n para personas que no necesitan trabajar en la nube y solo necesitan Office para un computador. Licencia permanente, no vence ni expira.  Solo para 1 PC (Compatible solo con Windows 10 y Windows 11).  Compatible con 32\/64bits.  Clave de activaci\u00f3n de producto.  Serial de 25 caracteres alfanum\u00e9rica (XXXXX-XXXXX-XXXXX-XXXXX).  RECUERDA QUE TODAS NUESTRAS LICENCIAS SON ORIGINALES, PODR\u00c1S DESCARGAR EL PRODUCTO DIRECTAMENTE DESDE MICROSOFT.\" \/>\n<meta property=\"og:url\" content=\"https:\/\/compu593.com\/index.php\/product\/microsoft-office-2021-professional-plus\/\" \/>\n<meta property=\"og:site_name\" content=\"Compu593\" \/>\n<meta property=\"article:modified_time\" content=\"2023-06-01T16:52:45+00:00\" \/>\n<meta property=\"og:image\" content=\"https:\/\/compu593.com\/wp-content\/uploads\/2022\/08\/2021.webp\" \/>\n\t<meta property=\"og:image:width\" content=\"1420\" \/>\n\t<meta property=\"og:image:height\" content=\"1420\" \/>\n\t<meta property=\"og:image:type\" content=\"image\/webp\" \/>\n<meta name=\"twitter:card\" content=\"summary_large_image\" \/>\n<meta name=\"twitter:label1\" content=\"Tiempo de lectura\" \/>\n\t<meta name=\"twitter:data1\" content=\"2 minutos\" \/>\n<script type=\"application\/ld+json\" class=\"yoast-schema-graph\">{\"@context\":\"https:\/\/schema.org\",\"@graph\":[{\"@type\":\"WebPage\",\"@id\":\"https:\/\/compu593.com\/index.php\/product\/microsoft-office-2021-professional-plus\/\",\"url\":\"https:\/\/compu593.com\/index.php\/product\/microsoft-office-2021-professional-plus\/\",\"name\":\"Microsoft Office 2021 Professional Plus - Compu593\",\"isPartOf\":{\"@id\":\"https:\/\/compu593.com\/#website\"},\"datePublished\":\"2022-08-27T18:00:28+00:00\",\"dateModified\":\"2023-06-01T16:52:45+00:00\",\"breadcrumb\":{\"@id\":\"https:\/\/compu593.com\/index.php\/product\/microsoft-office-2021-professional-plus\/#breadcrumb\"},\"inLanguage\":\"es\",\"potentialAction\":[{\"@type\":\"ReadAction\",\"target\":[\"https:\/\/compu593.com\/index.php\/product\/microsoft-office-2021-professional-plus\/\"]}]},{\"@type\":\"BreadcrumbList\",\"@id\":\"https:\/\/compu593.com\/index.php\/product\/microsoft-office-2021-professional-plus\/#breadcrumb\",\"itemListElement\":[{\"@type\":\"ListItem\",\"position\":1,\"name\":\"Portada\",\"item\":\"https:\/\/compu593.com\/\"},{\"@type\":\"ListItem\",\"position\":2,\"name\":\"Store\",\"item\":\"https:\/\/compu593.com\/index.php\/store\/\"},{\"@type\":\"ListItem\",\"position\":3,\"name\":\"Microsoft Office 2021 Professional Plus\"}]},{\"@type\":\"WebSite\",\"@id\":\"https:\/\/compu593.com\/#website\",\"url\":\"https:\/\/compu593.com\/\",\"name\":\"Compu593\",\"description\":\"Key Store\",\"potentialAction\":[{\"@type\":\"SearchAction\",\"target\":{\"@type\":\"EntryPoint\",\"urlTemplate\":\"https:\/\/compu593.com\/?s={search_term_string}\"},\"query-input\":\"required name=search_term_string\"}],\"inLanguage\":\"es\"}]}<\/script>\n<!-- \/ Yoast SEO plugin. -->","yoast_head_json":{"title":"Microsoft Office 2021 Professional Plus - Compu593","robots":{"index":"index","follow":"follow","max-snippet":"max-snippet:-1","max-image-preview":"max-image-preview:large","max-video-preview":"max-video-preview:-1"},"canonical":"https:\/\/compu593.com\/index.php\/product\/microsoft-office-2021-professional-plus\/","og_locale":"es_ES","og_type":"article","og_title":"Microsoft Office 2021 Professional Plus - Compu593","og_description":"Activa tu copia de Office a un precio accesible, de forma r\u00e1pida y f\u00e1cil. Podr\u00e1s utilizar Word, Excel, PowerPoint, Outlook, Publisher y m\u00e1s, en su versi\u00f3n m\u00e1s reciente. La mejor opci\u00f3n para personas que no necesitan trabajar en la nube y solo necesitan Office para un computador. Licencia permanente, no vence ni expira.  Solo para 1 PC (Compatible solo con Windows 10 y Windows 11).  Compatible con 32\/64bits.  Clave de activaci\u00f3n de producto.  Serial de 25 caracteres alfanum\u00e9rica (XXXXX-XXXXX-XXXXX-XXXXX).  RECUERDA QUE TODAS NUESTRAS LICENCIAS SON ORIGINALES, PODR\u00c1S DESCARGAR EL PRODUCTO DIRECTAMENTE DESDE MICROSOFT.","og_url":"https:\/\/compu593.com\/index.php\/product\/microsoft-office-2021-professional-plus\/","og_site_name":"Compu593","article_modified_time":"2023-06-01T16:52:45+00:00","og_image":[{"width":1420,"height":1420,"url":"https:\/\/compu593.com\/wp-content\/uploads\/2022\/08\/2021.webp","type":"image\/webp"}],"twitter_card":"summary_large_image","twitter_misc":{"Tiempo de lectura":"2 minutos"},"schema":{"@context":"https:\/\/schema.org","@graph":[{"@type":"WebPage","@id":"https:\/\/compu593.com\/index.php\/product\/microsoft-office-2021-professional-plus\/","url":"https:\/\/compu593.com\/index.php\/product\/microsoft-office-2021-professional-plus\/","name":"Microsoft Office 2021 Professional Plus - Compu593","isPartOf":{"@id":"https:\/\/compu593.com\/#website"},"datePublished":"2022-08-27T18:00:28+00:00","dateModified":"2023-06-01T16:52:45+00:00","breadcrumb":{"@id":"https:\/\/compu593.com\/index.php\/product\/microsoft-office-2021-professional-plus\/#breadcrumb"},"inLanguage":"es","potentialAction":[{"@type":"ReadAction","target":["https:\/\/compu593.com\/index.php\/product\/microsoft-office-2021-professional-plus\/"]}]},{"@type":"BreadcrumbList","@id":"https:\/\/compu593.com\/index.php\/product\/microsoft-office-2021-professional-plus\/#breadcrumb","itemListElement":[{"@type":"ListItem","position":1,"name":"Portada","item":"https:\/\/compu593.com\/"},{"@type":"ListItem","position":2,"name":"Store","item":"https:\/\/compu593.com\/index.php\/store\/"},{"@type":"ListItem","position":3,"name":"Microsoft Office 2021 Professional Plus"}]},{"@type":"WebSite","@id":"https:\/\/compu593.com\/#website","url":"https:\/\/compu593.com\/","name":"Compu593","description":"Key Store","potentialAction":[{"@type":"SearchAction","target":{"@type":"EntryPoint","urlTemplate":"https:\/\/compu593.com\/?s={search_term_string}"},"query-input":"required name=search_term_string"}],"inLanguage":"es"}]}},"_links":{"self":[{"href":"https:\/\/compu593.com\/index.php\/wp-json\/wp\/v2\/product\/9011"}],"collection":[{"href":"https:\/\/compu593.com\/index.php\/wp-json\/wp\/v2\/product"}],"about":[{"href":"https:\/\/compu593.com\/index.php\/wp-json\/wp\/v2\/types\/product"}],"wp:featuredmedia":[{"embeddable":true,"href":"https:\/\/compu593.com\/index.php\/wp-json\/wp\/v2\/media\/9012"}],"wp:attachment":[{"href":"https:\/\/compu593.com\/index.php\/wp-json\/wp\/v2\/media?parent=9011"}],"wp:term":[{"taxonomy":"product_cat","embeddable":true,"href":"https:\/\/compu593.com\/index.php\/wp-json\/wp\/v2\/product_cat?post=9011"},{"taxonomy":"product_tag","embeddable":true,"href":"https:\/\/compu593.com\/index.php\/wp-json\/wp\/v2\/product_tag?post=9011"}],"curies":[{"name":"wp","href":"https:\/\/api.w.org\/{rel}","templated":true}]}}