{"id":8936,"date":"2022-07-06T19:48:22","date_gmt":"2022-07-07T00:48:22","guid":{"rendered":"https:\/\/compu593.com\/?post_type=product&#038;p=8936"},"modified":"2023-02-17T14:25:58","modified_gmt":"2023-02-17T19:25:58","slug":"windows-11-pro-retail","status":"publish","type":"product","link":"https:\/\/compu593.com\/index.php\/product\/windows-11-pro-retail\/","title":{"rendered":"Windows 11 Pro Retail"},"content":{"rendered":"<p><strong>Activa tu copia de Windows 11 Pro a un precio accesible, de forma r\u00e1pida y f\u00e1cil.<\/strong><\/p>\n<p>La nueva versi\u00f3n de Windows 11 con mejoras visuales y rendimiento har\u00e1n despertar tu creatividad y el poder de tu computadora.<\/p>\n<p><strong>Licencia v\u00e1lida solo en la versi\u00f3n de Windows 11 Pro, el sistema operativo ya debe estar instalado para poder activar la licencia, no v\u00e1lida para actualizaciones.<\/strong><\/p>\n<p>Ideal para Notebooks y PC de\u00a0<strong>alto rendimiento.<\/strong><\/p>\n<p><strong>Licencia para 1 PC permanente, no vence ni expira, v\u00e1lida para formateos en el mismo PC.<\/strong><\/p>\n<p>Compatible con 32\/64bits.<\/p>\n<p><strong>Clave de activaci\u00f3n de producto \u2013 Serial de 25 caracteres alfanum\u00e9rica (XXXXX-XXXXX-XXXXX-XXXXX).<\/strong><\/p>\n<p><strong>Recuerda que todas nuestras licencias son originales, podr\u00e1s descargar el producto directamente desde Microsoft.<\/strong><\/p>\n","protected":false},"excerpt":{"rendered":"<p><strong>Activa tu copia de Windows 11 Pro a un precio accesible, de forma r\u00e1pida y f\u00e1cil.<\/strong><\/p>\n<p>La nueva versi\u00f3n de Windows 11 con mejoras visuales y rendimiento har\u00e1n despertar tu creatividad y el poder de tu computadora.<\/p>\n<p><strong>Licencia v\u00e1lida solo en la versi\u00f3n de Windows 11 Pro, el sistema operativo ya debe estar instalado para poder activar la licencia, no v\u00e1lida para actualizaciones.<\/strong><\/p>\n<p>Ideal para Notebooks y PC de\u00a0<strong>alto rendimiento.<\/strong><\/p>\n<p><strong>Licencia para 1 PC permanente, no vence ni expira, v\u00e1lida para formateos en el mismo PC.<\/strong><\/p>\n<p>Compatible con 32\/64bits.<\/p>\n<p><strong>Clave de activaci\u00f3n de producto \u2013 Serial de 25 caracteres alfanum\u00e9rica (XXXXX-XXXXX-XXXXX-XXXXX).<\/strong><\/p>\n<p><strong>Recuerda que todas nuestras licencias son originales, podr\u00e1s descargar el producto directamente desde Microsoft.<\/strong><\/p>\n","protected":false},"featured_media":8937,"template":"","meta":{"om_disable_all_campaigns":false,"_monsterinsights_skip_tracking":false,"_monsterinsights_sitenote_active":false,"_monsterinsights_sitenote_note":"","_monsterinsights_sitenote_category":0},"product_cat":[129],"product_tag":[],"yoast_head":"<!-- This site is optimized with the Yoast SEO plugin v19.13 - https:\/\/yoast.com\/wordpress\/plugins\/seo\/ -->\n<title>Windows 11 Pro Retail - Compu593<\/title>\n<meta name=\"robots\" content=\"index, follow, max-snippet:-1, max-image-preview:large, max-video-preview:-1\" \/>\n<link rel=\"canonical\" href=\"https:\/\/compu593.com\/index.php\/product\/windows-11-pro-retail\/\" \/>\n<meta property=\"og:locale\" content=\"es_ES\" \/>\n<meta property=\"og:type\" content=\"article\" \/>\n<meta property=\"og:title\" content=\"Windows 11 Pro Retail - Compu593\" \/>\n<meta property=\"og:description\" content=\"Activa tu copia de Windows 11 Pro a un precio accesible, de forma r\u00e1pida y f\u00e1cil.  La nueva versi\u00f3n de Windows 11 con mejoras visuales y rendimiento har\u00e1n despertar tu creatividad y el poder de tu computadora.  Licencia v\u00e1lida solo en la versi\u00f3n de Windows 11 Pro, el sistema operativo ya debe estar instalado para poder activar la licencia, no v\u00e1lida para actualizaciones.  Ideal para Notebooks y PC de\u00a0alto rendimiento.  Licencia para 1 PC permanente, no vence ni expira, v\u00e1lida para formateos en el mismo PC.  Compatible con 32\/64bits.  Clave de activaci\u00f3n de producto \u2013 Serial de 25 caracteres alfanum\u00e9rica (XXXXX-XXXXX-XXXXX-XXXXX).  Recuerda que todas nuestras licencias son originales, podr\u00e1s descargar el producto directamente desde Microsoft.\" \/>\n<meta property=\"og:url\" content=\"https:\/\/compu593.com\/index.php\/product\/windows-11-pro-retail\/\" \/>\n<meta property=\"og:site_name\" content=\"Compu593\" \/>\n<meta property=\"article:modified_time\" content=\"2023-02-17T19:25:58+00:00\" \/>\n<meta property=\"og:image\" content=\"https:\/\/compu593.com\/wp-content\/uploads\/2022\/07\/Win11-Retail.jpg\" \/>\n\t<meta property=\"og:image:width\" content=\"1000\" \/>\n\t<meta property=\"og:image:height\" content=\"1000\" \/>\n\t<meta property=\"og:image:type\" content=\"image\/jpeg\" \/>\n<meta name=\"twitter:card\" content=\"summary_large_image\" \/>\n<meta name=\"twitter:label1\" content=\"Tiempo de lectura\" \/>\n\t<meta name=\"twitter:data1\" content=\"1 minuto\" \/>\n<script type=\"application\/ld+json\" class=\"yoast-schema-graph\">{\"@context\":\"https:\/\/schema.org\",\"@graph\":[{\"@type\":\"WebPage\",\"@id\":\"https:\/\/compu593.com\/index.php\/product\/windows-11-pro-retail\/\",\"url\":\"https:\/\/compu593.com\/index.php\/product\/windows-11-pro-retail\/\",\"name\":\"Windows 11 Pro Retail - Compu593\",\"isPartOf\":{\"@id\":\"https:\/\/compu593.com\/#website\"},\"datePublished\":\"2022-07-07T00:48:22+00:00\",\"dateModified\":\"2023-02-17T19:25:58+00:00\",\"breadcrumb\":{\"@id\":\"https:\/\/compu593.com\/index.php\/product\/windows-11-pro-retail\/#breadcrumb\"},\"inLanguage\":\"es\",\"potentialAction\":[{\"@type\":\"ReadAction\",\"target\":[\"https:\/\/compu593.com\/index.php\/product\/windows-11-pro-retail\/\"]}]},{\"@type\":\"BreadcrumbList\",\"@id\":\"https:\/\/compu593.com\/index.php\/product\/windows-11-pro-retail\/#breadcrumb\",\"itemListElement\":[{\"@type\":\"ListItem\",\"position\":1,\"name\":\"Portada\",\"item\":\"https:\/\/compu593.com\/\"},{\"@type\":\"ListItem\",\"position\":2,\"name\":\"Store\",\"item\":\"https:\/\/compu593.com\/index.php\/store\/\"},{\"@type\":\"ListItem\",\"position\":3,\"name\":\"Windows 11 Pro Retail\"}]},{\"@type\":\"WebSite\",\"@id\":\"https:\/\/compu593.com\/#website\",\"url\":\"https:\/\/compu593.com\/\",\"name\":\"Compu593\",\"description\":\"Key Store\",\"potentialAction\":[{\"@type\":\"SearchAction\",\"target\":{\"@type\":\"EntryPoint\",\"urlTemplate\":\"https:\/\/compu593.com\/?s={search_term_string}\"},\"query-input\":\"required name=search_term_string\"}],\"inLanguage\":\"es\"}]}<\/script>\n<!-- \/ Yoast SEO plugin. -->","yoast_head_json":{"title":"Windows 11 Pro Retail - Compu593","robots":{"index":"index","follow":"follow","max-snippet":"max-snippet:-1","max-image-preview":"max-image-preview:large","max-video-preview":"max-video-preview:-1"},"canonical":"https:\/\/compu593.com\/index.php\/product\/windows-11-pro-retail\/","og_locale":"es_ES","og_type":"article","og_title":"Windows 11 Pro Retail - Compu593","og_description":"Activa tu copia de Windows 11 Pro a un precio accesible, de forma r\u00e1pida y f\u00e1cil.  La nueva versi\u00f3n de Windows 11 con mejoras visuales y rendimiento har\u00e1n despertar tu creatividad y el poder de tu computadora.  Licencia v\u00e1lida solo en la versi\u00f3n de Windows 11 Pro, el sistema operativo ya debe estar instalado para poder activar la licencia, no v\u00e1lida para actualizaciones.  Ideal para Notebooks y PC de\u00a0alto rendimiento.  Licencia para 1 PC permanente, no vence ni expira, v\u00e1lida para formateos en el mismo PC.  Compatible con 32\/64bits.  Clave de activaci\u00f3n de producto \u2013 Serial de 25 caracteres alfanum\u00e9rica (XXXXX-XXXXX-XXXXX-XXXXX).  Recuerda que todas nuestras licencias son originales, podr\u00e1s descargar el producto directamente desde Microsoft.","og_url":"https:\/\/compu593.com\/index.php\/product\/windows-11-pro-retail\/","og_site_name":"Compu593","article_modified_time":"2023-02-17T19:25:58+00:00","og_image":[{"width":1000,"height":1000,"url":"https:\/\/compu593.com\/wp-content\/uploads\/2022\/07\/Win11-Retail.jpg","type":"image\/jpeg"}],"twitter_card":"summary_large_image","twitter_misc":{"Tiempo de lectura":"1 minuto"},"schema":{"@context":"https:\/\/schema.org","@graph":[{"@type":"WebPage","@id":"https:\/\/compu593.com\/index.php\/product\/windows-11-pro-retail\/","url":"https:\/\/compu593.com\/index.php\/product\/windows-11-pro-retail\/","name":"Windows 11 Pro Retail - Compu593","isPartOf":{"@id":"https:\/\/compu593.com\/#website"},"datePublished":"2022-07-07T00:48:22+00:00","dateModified":"2023-02-17T19:25:58+00:00","breadcrumb":{"@id":"https:\/\/compu593.com\/index.php\/product\/windows-11-pro-retail\/#breadcrumb"},"inLanguage":"es","potentialAction":[{"@type":"ReadAction","target":["https:\/\/compu593.com\/index.php\/product\/windows-11-pro-retail\/"]}]},{"@type":"BreadcrumbList","@id":"https:\/\/compu593.com\/index.php\/product\/windows-11-pro-retail\/#breadcrumb","itemListElement":[{"@type":"ListItem","position":1,"name":"Portada","item":"https:\/\/compu593.com\/"},{"@type":"ListItem","position":2,"name":"Store","item":"https:\/\/compu593.com\/index.php\/store\/"},{"@type":"ListItem","position":3,"name":"Windows 11 Pro Retail"}]},{"@type":"WebSite","@id":"https:\/\/compu593.com\/#website","url":"https:\/\/compu593.com\/","name":"Compu593","description":"Key Store","potentialAction":[{"@type":"SearchAction","target":{"@type":"EntryPoint","urlTemplate":"https:\/\/compu593.com\/?s={search_term_string}"},"query-input":"required name=search_term_string"}],"inLanguage":"es"}]}},"_links":{"self":[{"href":"https:\/\/compu593.com\/index.php\/wp-json\/wp\/v2\/product\/8936"}],"collection":[{"href":"https:\/\/compu593.com\/index.php\/wp-json\/wp\/v2\/product"}],"about":[{"href":"https:\/\/compu593.com\/index.php\/wp-json\/wp\/v2\/types\/product"}],"wp:featuredmedia":[{"embeddable":true,"href":"https:\/\/compu593.com\/index.php\/wp-json\/wp\/v2\/media\/8937"}],"wp:attachment":[{"href":"https:\/\/compu593.com\/index.php\/wp-json\/wp\/v2\/media?parent=8936"}],"wp:term":[{"taxonomy":"product_cat","embeddable":true,"href":"https:\/\/compu593.com\/index.php\/wp-json\/wp\/v2\/product_cat?post=8936"},{"taxonomy":"product_tag","embeddable":true,"href":"https:\/\/compu593.com\/index.php\/wp-json\/wp\/v2\/product_tag?post=8936"}],"curies":[{"name":"wp","href":"https:\/\/api.w.org\/{rel}","templated":true}]}}