{"id":8862,"date":"2022-07-05T17:21:10","date_gmt":"2022-07-05T22:21:10","guid":{"rendered":"https:\/\/compu593.com\/?post_type=product&#038;p=8862"},"modified":"2022-11-07T12:34:22","modified_gmt":"2022-11-07T17:34:22","slug":"xilisoft-ultimate-video-converter","status":"publish","type":"product","link":"https:\/\/compu593.com\/index.php\/product\/xilisoft-ultimate-video-converter\/","title":{"rendered":"Xilisoft Ultimate Video Converter"},"content":{"rendered":"<p>Xilisoft Video Converter Ultimate es una aplicaci\u00f3n incre\u00edble que se puede utilizar para convertir archivos de video a otros formatos de archivo para que tambi\u00e9n puedan ser compatibles con otros dispositivos. Esta incre\u00edble herramienta de conversi\u00f3n de video es compatible con SWF, MKV, 3GP, AVI y muchos otros formatos de archivo.<\/p>\n","protected":false},"excerpt":{"rendered":"<p>Xilisoft Video Converter Ultimate es una aplicaci\u00f3n incre\u00edble que se puede utilizar para convertir archivos de video a otros formatos de archivo<\/p>\n","protected":false},"featured_media":8932,"template":"","meta":{"om_disable_all_campaigns":false,"_monsterinsights_skip_tracking":false,"_monsterinsights_sitenote_active":false,"_monsterinsights_sitenote_note":"","_monsterinsights_sitenote_category":0},"product_cat":[132],"product_tag":[125,120,124,126,123,117,116,118,121,122,119],"yoast_head":"<!-- This site is optimized with the Yoast SEO plugin v19.13 - https:\/\/yoast.com\/wordpress\/plugins\/seo\/ -->\n<title>Xilisoft Ultimate Video Converter - Compu593<\/title>\n<meta name=\"robots\" content=\"index, follow, max-snippet:-1, max-image-preview:large, max-video-preview:-1\" \/>\n<link rel=\"canonical\" href=\"https:\/\/compu593.com\/index.php\/product\/xilisoft-ultimate-video-converter\/\" \/>\n<meta property=\"og:locale\" content=\"es_ES\" \/>\n<meta property=\"og:type\" content=\"article\" \/>\n<meta property=\"og:title\" content=\"Xilisoft Ultimate Video Converter - Compu593\" \/>\n<meta property=\"og:description\" content=\"Xilisoft Video Converter Ultimate es una aplicaci\u00f3n incre\u00edble que se puede utilizar para convertir archivos de video a otros formatos de archivo\" \/>\n<meta property=\"og:url\" content=\"https:\/\/compu593.com\/index.php\/product\/xilisoft-ultimate-video-converter\/\" \/>\n<meta property=\"og:site_name\" content=\"Compu593\" \/>\n<meta property=\"article:modified_time\" content=\"2022-11-07T17:34:22+00:00\" \/>\n<meta property=\"og:image\" content=\"https:\/\/compu593.com\/wp-content\/uploads\/2022\/07\/Untitled-1.jpg\" \/>\n\t<meta property=\"og:image:width\" content=\"700\" \/>\n\t<meta property=\"og:image:height\" content=\"700\" \/>\n\t<meta property=\"og:image:type\" content=\"image\/jpeg\" \/>\n<meta name=\"twitter:card\" content=\"summary_large_image\" \/>\n<script type=\"application\/ld+json\" class=\"yoast-schema-graph\">{\"@context\":\"https:\/\/schema.org\",\"@graph\":[{\"@type\":\"WebPage\",\"@id\":\"https:\/\/compu593.com\/index.php\/product\/xilisoft-ultimate-video-converter\/\",\"url\":\"https:\/\/compu593.com\/index.php\/product\/xilisoft-ultimate-video-converter\/\",\"name\":\"Xilisoft Ultimate Video Converter - Compu593\",\"isPartOf\":{\"@id\":\"https:\/\/compu593.com\/#website\"},\"datePublished\":\"2022-07-05T22:21:10+00:00\",\"dateModified\":\"2022-11-07T17:34:22+00:00\",\"breadcrumb\":{\"@id\":\"https:\/\/compu593.com\/index.php\/product\/xilisoft-ultimate-video-converter\/#breadcrumb\"},\"inLanguage\":\"es\",\"potentialAction\":[{\"@type\":\"ReadAction\",\"target\":[\"https:\/\/compu593.com\/index.php\/product\/xilisoft-ultimate-video-converter\/\"]}]},{\"@type\":\"BreadcrumbList\",\"@id\":\"https:\/\/compu593.com\/index.php\/product\/xilisoft-ultimate-video-converter\/#breadcrumb\",\"itemListElement\":[{\"@type\":\"ListItem\",\"position\":1,\"name\":\"Portada\",\"item\":\"https:\/\/compu593.com\/\"},{\"@type\":\"ListItem\",\"position\":2,\"name\":\"Store\",\"item\":\"https:\/\/compu593.com\/index.php\/store\/\"},{\"@type\":\"ListItem\",\"position\":3,\"name\":\"Xilisoft Ultimate Video Converter\"}]},{\"@type\":\"WebSite\",\"@id\":\"https:\/\/compu593.com\/#website\",\"url\":\"https:\/\/compu593.com\/\",\"name\":\"Compu593\",\"description\":\"Key Store\",\"potentialAction\":[{\"@type\":\"SearchAction\",\"target\":{\"@type\":\"EntryPoint\",\"urlTemplate\":\"https:\/\/compu593.com\/?s={search_term_string}\"},\"query-input\":\"required name=search_term_string\"}],\"inLanguage\":\"es\"}]}<\/script>\n<!-- \/ Yoast SEO plugin. -->","yoast_head_json":{"title":"Xilisoft Ultimate Video Converter - Compu593","robots":{"index":"index","follow":"follow","max-snippet":"max-snippet:-1","max-image-preview":"max-image-preview:large","max-video-preview":"max-video-preview:-1"},"canonical":"https:\/\/compu593.com\/index.php\/product\/xilisoft-ultimate-video-converter\/","og_locale":"es_ES","og_type":"article","og_title":"Xilisoft Ultimate Video Converter - Compu593","og_description":"Xilisoft Video Converter Ultimate es una aplicaci\u00f3n incre\u00edble que se puede utilizar para convertir archivos de video a otros formatos de archivo","og_url":"https:\/\/compu593.com\/index.php\/product\/xilisoft-ultimate-video-converter\/","og_site_name":"Compu593","article_modified_time":"2022-11-07T17:34:22+00:00","og_image":[{"width":700,"height":700,"url":"https:\/\/compu593.com\/wp-content\/uploads\/2022\/07\/Untitled-1.jpg","type":"image\/jpeg"}],"twitter_card":"summary_large_image","schema":{"@context":"https:\/\/schema.org","@graph":[{"@type":"WebPage","@id":"https:\/\/compu593.com\/index.php\/product\/xilisoft-ultimate-video-converter\/","url":"https:\/\/compu593.com\/index.php\/product\/xilisoft-ultimate-video-converter\/","name":"Xilisoft Ultimate Video Converter - Compu593","isPartOf":{"@id":"https:\/\/compu593.com\/#website"},"datePublished":"2022-07-05T22:21:10+00:00","dateModified":"2022-11-07T17:34:22+00:00","breadcrumb":{"@id":"https:\/\/compu593.com\/index.php\/product\/xilisoft-ultimate-video-converter\/#breadcrumb"},"inLanguage":"es","potentialAction":[{"@type":"ReadAction","target":["https:\/\/compu593.com\/index.php\/product\/xilisoft-ultimate-video-converter\/"]}]},{"@type":"BreadcrumbList","@id":"https:\/\/compu593.com\/index.php\/product\/xilisoft-ultimate-video-converter\/#breadcrumb","itemListElement":[{"@type":"ListItem","position":1,"name":"Portada","item":"https:\/\/compu593.com\/"},{"@type":"ListItem","position":2,"name":"Store","item":"https:\/\/compu593.com\/index.php\/store\/"},{"@type":"ListItem","position":3,"name":"Xilisoft Ultimate Video Converter"}]},{"@type":"WebSite","@id":"https:\/\/compu593.com\/#website","url":"https:\/\/compu593.com\/","name":"Compu593","description":"Key Store","potentialAction":[{"@type":"SearchAction","target":{"@type":"EntryPoint","urlTemplate":"https:\/\/compu593.com\/?s={search_term_string}"},"query-input":"required name=search_term_string"}],"inLanguage":"es"}]}},"_links":{"self":[{"href":"https:\/\/compu593.com\/index.php\/wp-json\/wp\/v2\/product\/8862"}],"collection":[{"href":"https:\/\/compu593.com\/index.php\/wp-json\/wp\/v2\/product"}],"about":[{"href":"https:\/\/compu593.com\/index.php\/wp-json\/wp\/v2\/types\/product"}],"wp:featuredmedia":[{"embeddable":true,"href":"https:\/\/compu593.com\/index.php\/wp-json\/wp\/v2\/media\/8932"}],"wp:attachment":[{"href":"https:\/\/compu593.com\/index.php\/wp-json\/wp\/v2\/media?parent=8862"}],"wp:term":[{"taxonomy":"product_cat","embeddable":true,"href":"https:\/\/compu593.com\/index.php\/wp-json\/wp\/v2\/product_cat?post=8862"},{"taxonomy":"product_tag","embeddable":true,"href":"https:\/\/compu593.com\/index.php\/wp-json\/wp\/v2\/product_tag?post=8862"}],"curies":[{"name":"wp","href":"https:\/\/api.w.org\/{rel}","templated":true}]}}