{"id":8858,"date":"2022-07-05T17:19:55","date_gmt":"2022-07-05T22:19:55","guid":{"rendered":"https:\/\/compu593.com\/?post_type=product&#038;p=8858"},"modified":"2023-02-17T14:25:34","modified_gmt":"2023-02-17T19:25:34","slug":"windows-10-pro-retail","status":"publish","type":"product","link":"https:\/\/compu593.com\/index.php\/product\/windows-10-pro-retail\/","title":{"rendered":"Windows 10 Pro Retail"},"content":{"rendered":"<h4 class=\"c-heading\">Haz tus cosas<\/h4>\n<p class=\"c-paragraph\">Windows 10 cuenta con innovaciones, desde compatibilidad con pantallas t\u00e1ctiles hasta caracter\u00edsticas que te ayudan a centrarte y crear.<\/p>\n<h4 class=\"c-heading\">Seguridad integral incluida<\/h4>\n<p class=\"c-paragraph\">Windows 10 viene con un conjunto completo de caracter\u00edsticas antivirus, firewall, protecci\u00f3n contra ransomware e Internet, todas integradas sin costo adicional para ti.<\/p>\n<h4 class=\"c-heading\">Nuevos juegos para la noche en familia<\/h4>\n<p class=\"c-paragraph\">Windows 10 ofrece una gran variedad de juegos y es la plataforma de juegos para PC m\u00e1s popular del planeta.<\/p>\n<h4 class=\"c-heading-3 f-lean\">Miles de apps<\/h4>\n<p class=\"c-paragraph-3\">Trabaja, juega, crea, haz streaming, re\u00fanete, comparte y mucho m\u00e1s con miles de apps confiables de Microsoft Store. Todas ellas se han analizado en busca de malware, por lo que puedes descargar cualquier cosa sin preocupaciones.<\/p>\n","protected":false},"excerpt":{"rendered":"<p><strong>Activa tu copia de Windows 10 Pro a un precio accesible, de forma r\u00e1pida y f\u00e1cil.<\/strong><\/p>\n<p><strong>Licencia no v\u00e1lida para versiones Pro S, N o for Workstation.<\/strong><\/p>\n<p>Desata tu creatividad con tu trabajo y visi\u00f3n. Con Windows\u00a010, puedes hacer grandes cosas.<\/p>\n<p>Ideal para Notebooks y PC de\u00a0<strong>alto rendimiento.<\/strong><\/p>\n<p><strong>Licencia para 1 PC permanente, no vence ni expira, v\u00e1lida para formateos en el mismo PC.<\/strong><\/p>\n<p>Compatible con 32\/64bits.<\/p>\n","protected":false},"featured_media":8854,"template":"","meta":{"om_disable_all_campaigns":false,"_monsterinsights_skip_tracking":false,"_monsterinsights_sitenote_active":false,"_monsterinsights_sitenote_note":"","_monsterinsights_sitenote_category":0},"product_cat":[129],"product_tag":[],"yoast_head":"<!-- This site is optimized with the Yoast SEO plugin v19.13 - https:\/\/yoast.com\/wordpress\/plugins\/seo\/ -->\n<title>Windows 10 Pro Retail - Compu593<\/title>\n<meta name=\"robots\" content=\"index, follow, max-snippet:-1, max-image-preview:large, max-video-preview:-1\" \/>\n<link rel=\"canonical\" href=\"https:\/\/compu593.com\/index.php\/product\/windows-10-pro-retail\/\" \/>\n<meta property=\"og:locale\" content=\"es_ES\" \/>\n<meta property=\"og:type\" content=\"article\" \/>\n<meta property=\"og:title\" content=\"Windows 10 Pro Retail - Compu593\" \/>\n<meta property=\"og:description\" content=\"Activa tu copia de Windows 10 Pro a un precio accesible, de forma r\u00e1pida y f\u00e1cil.  Licencia no v\u00e1lida para versiones Pro S, N o for Workstation.  Desata tu creatividad con tu trabajo y visi\u00f3n. Con Windows\u00a010, puedes hacer grandes cosas.  Ideal para Notebooks y PC de\u00a0alto rendimiento.  Licencia para 1 PC permanente, no vence ni expira, v\u00e1lida para formateos en el mismo PC.  Compatible con 32\/64bits.\" \/>\n<meta property=\"og:url\" content=\"https:\/\/compu593.com\/index.php\/product\/windows-10-pro-retail\/\" \/>\n<meta property=\"og:site_name\" content=\"Compu593\" \/>\n<meta property=\"article:modified_time\" content=\"2023-02-17T19:25:34+00:00\" \/>\n<meta property=\"og:image\" content=\"https:\/\/compu593.com\/wp-content\/uploads\/2022\/07\/1102-1.webp\" \/>\n\t<meta property=\"og:image:width\" content=\"1000\" \/>\n\t<meta property=\"og:image:height\" content=\"1000\" \/>\n\t<meta property=\"og:image:type\" content=\"image\/webp\" \/>\n<meta name=\"twitter:card\" content=\"summary_large_image\" \/>\n<meta name=\"twitter:label1\" content=\"Tiempo de lectura\" \/>\n\t<meta name=\"twitter:data1\" content=\"1 minuto\" \/>\n<script type=\"application\/ld+json\" class=\"yoast-schema-graph\">{\"@context\":\"https:\/\/schema.org\",\"@graph\":[{\"@type\":\"WebPage\",\"@id\":\"https:\/\/compu593.com\/index.php\/product\/windows-10-pro-retail\/\",\"url\":\"https:\/\/compu593.com\/index.php\/product\/windows-10-pro-retail\/\",\"name\":\"Windows 10 Pro Retail - Compu593\",\"isPartOf\":{\"@id\":\"https:\/\/compu593.com\/#website\"},\"datePublished\":\"2022-07-05T22:19:55+00:00\",\"dateModified\":\"2023-02-17T19:25:34+00:00\",\"breadcrumb\":{\"@id\":\"https:\/\/compu593.com\/index.php\/product\/windows-10-pro-retail\/#breadcrumb\"},\"inLanguage\":\"es\",\"potentialAction\":[{\"@type\":\"ReadAction\",\"target\":[\"https:\/\/compu593.com\/index.php\/product\/windows-10-pro-retail\/\"]}]},{\"@type\":\"BreadcrumbList\",\"@id\":\"https:\/\/compu593.com\/index.php\/product\/windows-10-pro-retail\/#breadcrumb\",\"itemListElement\":[{\"@type\":\"ListItem\",\"position\":1,\"name\":\"Portada\",\"item\":\"https:\/\/compu593.com\/\"},{\"@type\":\"ListItem\",\"position\":2,\"name\":\"Store\",\"item\":\"https:\/\/compu593.com\/index.php\/store\/\"},{\"@type\":\"ListItem\",\"position\":3,\"name\":\"Windows 10 Pro Retail\"}]},{\"@type\":\"WebSite\",\"@id\":\"https:\/\/compu593.com\/#website\",\"url\":\"https:\/\/compu593.com\/\",\"name\":\"Compu593\",\"description\":\"Key Store\",\"potentialAction\":[{\"@type\":\"SearchAction\",\"target\":{\"@type\":\"EntryPoint\",\"urlTemplate\":\"https:\/\/compu593.com\/?s={search_term_string}\"},\"query-input\":\"required name=search_term_string\"}],\"inLanguage\":\"es\"}]}<\/script>\n<!-- \/ Yoast SEO plugin. -->","yoast_head_json":{"title":"Windows 10 Pro Retail - Compu593","robots":{"index":"index","follow":"follow","max-snippet":"max-snippet:-1","max-image-preview":"max-image-preview:large","max-video-preview":"max-video-preview:-1"},"canonical":"https:\/\/compu593.com\/index.php\/product\/windows-10-pro-retail\/","og_locale":"es_ES","og_type":"article","og_title":"Windows 10 Pro Retail - Compu593","og_description":"Activa tu copia de Windows 10 Pro a un precio accesible, de forma r\u00e1pida y f\u00e1cil.  Licencia no v\u00e1lida para versiones Pro S, N o for Workstation.  Desata tu creatividad con tu trabajo y visi\u00f3n. Con Windows\u00a010, puedes hacer grandes cosas.  Ideal para Notebooks y PC de\u00a0alto rendimiento.  Licencia para 1 PC permanente, no vence ni expira, v\u00e1lida para formateos en el mismo PC.  Compatible con 32\/64bits.","og_url":"https:\/\/compu593.com\/index.php\/product\/windows-10-pro-retail\/","og_site_name":"Compu593","article_modified_time":"2023-02-17T19:25:34+00:00","og_image":[{"width":1000,"height":1000,"url":"https:\/\/compu593.com\/wp-content\/uploads\/2022\/07\/1102-1.webp","type":"image\/webp"}],"twitter_card":"summary_large_image","twitter_misc":{"Tiempo de lectura":"1 minuto"},"schema":{"@context":"https:\/\/schema.org","@graph":[{"@type":"WebPage","@id":"https:\/\/compu593.com\/index.php\/product\/windows-10-pro-retail\/","url":"https:\/\/compu593.com\/index.php\/product\/windows-10-pro-retail\/","name":"Windows 10 Pro Retail - Compu593","isPartOf":{"@id":"https:\/\/compu593.com\/#website"},"datePublished":"2022-07-05T22:19:55+00:00","dateModified":"2023-02-17T19:25:34+00:00","breadcrumb":{"@id":"https:\/\/compu593.com\/index.php\/product\/windows-10-pro-retail\/#breadcrumb"},"inLanguage":"es","potentialAction":[{"@type":"ReadAction","target":["https:\/\/compu593.com\/index.php\/product\/windows-10-pro-retail\/"]}]},{"@type":"BreadcrumbList","@id":"https:\/\/compu593.com\/index.php\/product\/windows-10-pro-retail\/#breadcrumb","itemListElement":[{"@type":"ListItem","position":1,"name":"Portada","item":"https:\/\/compu593.com\/"},{"@type":"ListItem","position":2,"name":"Store","item":"https:\/\/compu593.com\/index.php\/store\/"},{"@type":"ListItem","position":3,"name":"Windows 10 Pro Retail"}]},{"@type":"WebSite","@id":"https:\/\/compu593.com\/#website","url":"https:\/\/compu593.com\/","name":"Compu593","description":"Key Store","potentialAction":[{"@type":"SearchAction","target":{"@type":"EntryPoint","urlTemplate":"https:\/\/compu593.com\/?s={search_term_string}"},"query-input":"required name=search_term_string"}],"inLanguage":"es"}]}},"_links":{"self":[{"href":"https:\/\/compu593.com\/index.php\/wp-json\/wp\/v2\/product\/8858"}],"collection":[{"href":"https:\/\/compu593.com\/index.php\/wp-json\/wp\/v2\/product"}],"about":[{"href":"https:\/\/compu593.com\/index.php\/wp-json\/wp\/v2\/types\/product"}],"wp:featuredmedia":[{"embeddable":true,"href":"https:\/\/compu593.com\/index.php\/wp-json\/wp\/v2\/media\/8854"}],"wp:attachment":[{"href":"https:\/\/compu593.com\/index.php\/wp-json\/wp\/v2\/media?parent=8858"}],"wp:term":[{"taxonomy":"product_cat","embeddable":true,"href":"https:\/\/compu593.com\/index.php\/wp-json\/wp\/v2\/product_cat?post=8858"},{"taxonomy":"product_tag","embeddable":true,"href":"https:\/\/compu593.com\/index.php\/wp-json\/wp\/v2\/product_tag?post=8858"}],"curies":[{"name":"wp","href":"https:\/\/api.w.org\/{rel}","templated":true}]}}