{"id":8845,"date":"2022-06-14T18:27:29","date_gmt":"2022-06-14T23:27:29","guid":{"rendered":"https:\/\/compu593.com\/?post_type=product&#038;p=8845"},"modified":"2024-05-07T11:59:33","modified_gmt":"2024-05-07T16:59:33","slug":"office-365-win-mac-android-5-dispositivos-5tb-onedrive","status":"publish","type":"product","link":"https:\/\/compu593.com\/index.php\/product\/office-365-win-mac-android-5-dispositivos-5tb-onedrive\/","title":{"rendered":"Office 365 Win\/Mac\/Android 5 Dispositivos + 1tb OneDrive"},"content":{"rendered":"<h4>Valor de alta calidad incluido<\/h4>\n<p><img class=\"\" src=\"https:\/\/img-prod-cms-rt-microsoft-com.akamaized.net\/cms\/api\/am\/imageFileData\/RE282Ru?ver=af20&amp;q=90&amp;m=6&amp;h=120&amp;w=120&amp;b=%23FFFFFFFF&amp;l=f&amp;f=jpg&amp;o=t&amp;aim=true\" alt=\"Logotipo de Microsoft Word. \" width=\"50\" height=\"50\" \/>\u00a0\u00a0<img class=\"\" src=\"https:\/\/img-prod-cms-rt-microsoft-com.akamaized.net\/cms\/api\/am\/imageFileData\/RE280eS?ver=d983&amp;q=90&amp;m=6&amp;h=120&amp;w=120&amp;b=%23FFFFFFFF&amp;l=f&amp;f=jpg&amp;o=t&amp;aim=true\" alt=\"Logotipo de Microsoft Excel. \" width=\"50\" height=\"50\" \/>\u00a0\u00a0<img class=\"\" src=\"https:\/\/img-prod-cms-rt-microsoft-com.akamaized.net\/cms\/api\/am\/imageFileData\/RE2883D?ver=3026&amp;q=90&amp;m=6&amp;h=120&amp;w=120&amp;b=%23FFFFFFFF&amp;l=f&amp;f=jpg&amp;o=t&amp;aim=true\" alt=\"Logotipo de Microsoft PowerPoint. \" width=\"50\" height=\"50\" \/>\u00a0\u00a0<img class=\"\" src=\"https:\/\/img-prod-cms-rt-microsoft-com.akamaized.net\/cms\/api\/am\/imageFileData\/RE2883G?ver=37e7&amp;q=90&amp;m=6&amp;h=120&amp;w=120&amp;b=%23FFFFFFFF&amp;l=f&amp;f=jpg&amp;o=t&amp;aim=true\" alt=\"Logotipo de Microsoft OneNote. \" width=\"50\" height=\"50\" \/>\u00a0\u00a0<img class=\"\" src=\"https:\/\/img-prod-cms-rt-microsoft-com.akamaized.net\/cms\/api\/am\/imageFileData\/RE28fRa?ver=73e3&amp;q=90&amp;m=6&amp;h=120&amp;w=120&amp;b=%23FFFFFFFF&amp;l=f&amp;f=jpg&amp;o=t&amp;aim=true\" alt=\"Logotipo de Microsoft Outlook. \" width=\"50\" height=\"50\" \/>\u00a0\u00a0<img class=\"\" src=\"https:\/\/img-prod-cms-rt-microsoft-com.akamaized.net\/cms\/api\/am\/imageFileData\/RE280eY?ver=7899&amp;q=90&amp;m=6&amp;h=120&amp;w=120&amp;b=%23FFFFFFFF&amp;l=f&amp;f=jpg&amp;o=t&amp;aim=true\" alt=\"Logotipo de Microsoft OneDrive. \" width=\"50\" height=\"50\" \/>\u00a0\u00a0<img class=\"\" src=\"https:\/\/img-prod-cms-rt-microsoft-com.akamaized.net\/cms\/api\/am\/imageFileData\/RE1bg9m?ver=184f&amp;q=90&amp;m=6&amp;h=120&amp;w=120&amp;b=%23FFFFFFFF&amp;l=f&amp;f=jpg&amp;o=t&amp;aim=true\" alt=\"Logotipo de Microsoft Skype. \" width=\"50\" height=\"50\" \/><\/p>\n<p>&nbsp;<\/p>\n<p>Microsoft Office 365 incluye Word, Excel, PowerPoint, OneNote, Outlook, OneDrive y Skype.<\/p>\n<p><img class=\"\" src=\"https:\/\/img-prod-cms-rt-microsoft-com.akamaized.net\/cms\/api\/am\/imageFileData\/RE4mANp?ver=6469&amp;q=60&amp;m=6&amp;h=35&amp;w=80&amp;b=%23FFFFFFFF&amp;l=f&amp;f=jpg&amp;o=t&amp;aim=true\" alt=\"Un icono de un smartphone, una tableta y un equipo. \" width=\"55\" height=\"24\" \/>Hasta para 5 dispositivos.<\/p>\n<p>&nbsp;<\/p>\n<h5>Caracter\u00edsticas del producto:<\/h5>\n<p>&nbsp;<\/p>\n<ul>\n<li>Hasta 5 dispositivos simult\u00e1neos.<\/li>\n<li>Cuenta de Microsoft nueva (Credenciales de acceso, correo + contrase\u00f1a).<\/li>\n<li>Compatible en PC, Mac, Android &amp; iOS.<\/li>\n<li>Para Windows 8, 8.1, 10 y 11.<\/li>\n<li>Para MacOS compatible desde macOS 10.15 Catalina o superior.<\/li>\n<\/ul>\n<h5><\/h5>\n<h5>Access (solo equipos PC)<\/h5>\n<p>Crea y administra f\u00e1cilmente bases de datos de proyectos, grandes o peque\u00f1os.<\/p>\n<h5>Publisher (solo equipos PC)<\/h5>\n<p>Crea todo, desde sencillas tarjetas de felicitaci\u00f3n y etiquetas, hasta boletines y posters profesionales.<\/p>\n","protected":false},"excerpt":{"rendered":"<p><strong>Activa tu copia de Office a un precio accesible, de forma r\u00e1pida y f\u00e1cil.<\/strong><\/p>\n<p>Aplicaciones premium de Office, almacenamiento adicional en la nube, seguridad avanzada y mucho m\u00e1s, todo en una conveniente suscripci\u00f3n \u00fanica.<\/p>\n<p><strong>Suscripci\u00f3n para 5 dispositivos.<\/strong><\/p>\n<p>Compatible con Windows (8, 10 y 11), Mac (macOS 10.15 Catalina o superior), iOS y Android.<\/p>\n<p><strong>Generamos una cuenta de Microsoft nueva a su nombre, obtendr\u00e1 las credenciales de acceso para poder descargar e instalar Office 365 en sus dispositivos.<\/strong><\/p>\n<p><strong>RECUERDA QUE TODAS NUESTRAS LICENCIAS SON ORIGINALES, PODR\u00c1S DESCARGAR EL PRODUCTO DIRECTAMENTE DESDE MICROSOFT.<\/strong><\/p>\n","protected":false},"featured_media":8846,"template":"","meta":{"om_disable_all_campaigns":false,"_monsterinsights_skip_tracking":false,"_monsterinsights_sitenote_active":false,"_monsterinsights_sitenote_note":"","_monsterinsights_sitenote_category":0},"product_cat":[115],"product_tag":[125,120,124,126,123,117,116,118,121,122,119],"yoast_head":"<!-- This site is optimized with the Yoast SEO plugin v19.13 - https:\/\/yoast.com\/wordpress\/plugins\/seo\/ -->\n<title>Office 365 Win\/Mac\/Android 5 Dispositivos + 1tb OneDrive - Compu593<\/title>\n<meta name=\"robots\" content=\"index, follow, max-snippet:-1, max-image-preview:large, max-video-preview:-1\" \/>\n<link rel=\"canonical\" href=\"https:\/\/compu593.com\/index.php\/product\/office-365-win-mac-android-5-dispositivos-5tb-onedrive\/\" \/>\n<meta property=\"og:locale\" content=\"es_ES\" \/>\n<meta property=\"og:type\" content=\"article\" \/>\n<meta property=\"og:title\" content=\"Office 365 Win\/Mac\/Android 5 Dispositivos + 1tb OneDrive - Compu593\" \/>\n<meta property=\"og:description\" content=\"Activa tu copia de Office a un precio accesible, de forma r\u00e1pida y f\u00e1cil.  Aplicaciones premium de Office, almacenamiento adicional en la nube, seguridad avanzada y mucho m\u00e1s, todo en una conveniente suscripci\u00f3n \u00fanica.  Suscripci\u00f3n para 5 dispositivos.  Compatible con Windows (8, 10 y 11), Mac (macOS 10.15 Catalina o superior), iOS y Android.  Generamos una cuenta de Microsoft nueva a su nombre, obtendr\u00e1 las credenciales de acceso para poder descargar e instalar Office 365 en sus dispositivos.  RECUERDA QUE TODAS NUESTRAS LICENCIAS SON ORIGINALES, PODR\u00c1S DESCARGAR EL PRODUCTO DIRECTAMENTE DESDE MICROSOFT.\" \/>\n<meta property=\"og:url\" content=\"https:\/\/compu593.com\/index.php\/product\/office-365-win-mac-android-5-dispositivos-5tb-onedrive\/\" \/>\n<meta property=\"og:site_name\" content=\"Compu593\" \/>\n<meta property=\"article:modified_time\" content=\"2024-05-07T16:59:33+00:00\" \/>\n<meta property=\"og:image\" content=\"https:\/\/compu593.com\/wp-content\/uploads\/2022\/06\/Office-365-Web@2x-100.jpg\" \/>\n\t<meta property=\"og:image:width\" content=\"2000\" \/>\n\t<meta property=\"og:image:height\" content=\"2000\" \/>\n\t<meta property=\"og:image:type\" content=\"image\/jpeg\" \/>\n<meta name=\"twitter:card\" content=\"summary_large_image\" \/>\n<meta name=\"twitter:label1\" content=\"Tiempo de lectura\" \/>\n\t<meta name=\"twitter:data1\" content=\"3 minutos\" \/>\n<script type=\"application\/ld+json\" class=\"yoast-schema-graph\">{\"@context\":\"https:\/\/schema.org\",\"@graph\":[{\"@type\":\"WebPage\",\"@id\":\"https:\/\/compu593.com\/index.php\/product\/office-365-win-mac-android-5-dispositivos-5tb-onedrive\/\",\"url\":\"https:\/\/compu593.com\/index.php\/product\/office-365-win-mac-android-5-dispositivos-5tb-onedrive\/\",\"name\":\"Office 365 Win\/Mac\/Android 5 Dispositivos + 1tb OneDrive - Compu593\",\"isPartOf\":{\"@id\":\"https:\/\/compu593.com\/#website\"},\"datePublished\":\"2022-06-14T23:27:29+00:00\",\"dateModified\":\"2024-05-07T16:59:33+00:00\",\"breadcrumb\":{\"@id\":\"https:\/\/compu593.com\/index.php\/product\/office-365-win-mac-android-5-dispositivos-5tb-onedrive\/#breadcrumb\"},\"inLanguage\":\"es\",\"potentialAction\":[{\"@type\":\"ReadAction\",\"target\":[\"https:\/\/compu593.com\/index.php\/product\/office-365-win-mac-android-5-dispositivos-5tb-onedrive\/\"]}]},{\"@type\":\"BreadcrumbList\",\"@id\":\"https:\/\/compu593.com\/index.php\/product\/office-365-win-mac-android-5-dispositivos-5tb-onedrive\/#breadcrumb\",\"itemListElement\":[{\"@type\":\"ListItem\",\"position\":1,\"name\":\"Portada\",\"item\":\"https:\/\/compu593.com\/\"},{\"@type\":\"ListItem\",\"position\":2,\"name\":\"Store\",\"item\":\"https:\/\/compu593.com\/index.php\/store\/\"},{\"@type\":\"ListItem\",\"position\":3,\"name\":\"Office 365 Win\/Mac\/Android 5 Dispositivos + 1tb OneDrive\"}]},{\"@type\":\"WebSite\",\"@id\":\"https:\/\/compu593.com\/#website\",\"url\":\"https:\/\/compu593.com\/\",\"name\":\"Compu593\",\"description\":\"Key Store\",\"potentialAction\":[{\"@type\":\"SearchAction\",\"target\":{\"@type\":\"EntryPoint\",\"urlTemplate\":\"https:\/\/compu593.com\/?s={search_term_string}\"},\"query-input\":\"required name=search_term_string\"}],\"inLanguage\":\"es\"}]}<\/script>\n<!-- \/ Yoast SEO plugin. -->","yoast_head_json":{"title":"Office 365 Win\/Mac\/Android 5 Dispositivos + 1tb OneDrive - Compu593","robots":{"index":"index","follow":"follow","max-snippet":"max-snippet:-1","max-image-preview":"max-image-preview:large","max-video-preview":"max-video-preview:-1"},"canonical":"https:\/\/compu593.com\/index.php\/product\/office-365-win-mac-android-5-dispositivos-5tb-onedrive\/","og_locale":"es_ES","og_type":"article","og_title":"Office 365 Win\/Mac\/Android 5 Dispositivos + 1tb OneDrive - Compu593","og_description":"Activa tu copia de Office a un precio accesible, de forma r\u00e1pida y f\u00e1cil.  Aplicaciones premium de Office, almacenamiento adicional en la nube, seguridad avanzada y mucho m\u00e1s, todo en una conveniente suscripci\u00f3n \u00fanica.  Suscripci\u00f3n para 5 dispositivos.  Compatible con Windows (8, 10 y 11), Mac (macOS 10.15 Catalina o superior), iOS y Android.  Generamos una cuenta de Microsoft nueva a su nombre, obtendr\u00e1 las credenciales de acceso para poder descargar e instalar Office 365 en sus dispositivos.  RECUERDA QUE TODAS NUESTRAS LICENCIAS SON ORIGINALES, PODR\u00c1S DESCARGAR EL PRODUCTO DIRECTAMENTE DESDE MICROSOFT.","og_url":"https:\/\/compu593.com\/index.php\/product\/office-365-win-mac-android-5-dispositivos-5tb-onedrive\/","og_site_name":"Compu593","article_modified_time":"2024-05-07T16:59:33+00:00","og_image":[{"width":2000,"height":2000,"url":"https:\/\/compu593.com\/wp-content\/uploads\/2022\/06\/Office-365-Web@2x-100.jpg","type":"image\/jpeg"}],"twitter_card":"summary_large_image","twitter_misc":{"Tiempo de lectura":"3 minutos"},"schema":{"@context":"https:\/\/schema.org","@graph":[{"@type":"WebPage","@id":"https:\/\/compu593.com\/index.php\/product\/office-365-win-mac-android-5-dispositivos-5tb-onedrive\/","url":"https:\/\/compu593.com\/index.php\/product\/office-365-win-mac-android-5-dispositivos-5tb-onedrive\/","name":"Office 365 Win\/Mac\/Android 5 Dispositivos + 1tb OneDrive - Compu593","isPartOf":{"@id":"https:\/\/compu593.com\/#website"},"datePublished":"2022-06-14T23:27:29+00:00","dateModified":"2024-05-07T16:59:33+00:00","breadcrumb":{"@id":"https:\/\/compu593.com\/index.php\/product\/office-365-win-mac-android-5-dispositivos-5tb-onedrive\/#breadcrumb"},"inLanguage":"es","potentialAction":[{"@type":"ReadAction","target":["https:\/\/compu593.com\/index.php\/product\/office-365-win-mac-android-5-dispositivos-5tb-onedrive\/"]}]},{"@type":"BreadcrumbList","@id":"https:\/\/compu593.com\/index.php\/product\/office-365-win-mac-android-5-dispositivos-5tb-onedrive\/#breadcrumb","itemListElement":[{"@type":"ListItem","position":1,"name":"Portada","item":"https:\/\/compu593.com\/"},{"@type":"ListItem","position":2,"name":"Store","item":"https:\/\/compu593.com\/index.php\/store\/"},{"@type":"ListItem","position":3,"name":"Office 365 Win\/Mac\/Android 5 Dispositivos + 1tb OneDrive"}]},{"@type":"WebSite","@id":"https:\/\/compu593.com\/#website","url":"https:\/\/compu593.com\/","name":"Compu593","description":"Key Store","potentialAction":[{"@type":"SearchAction","target":{"@type":"EntryPoint","urlTemplate":"https:\/\/compu593.com\/?s={search_term_string}"},"query-input":"required name=search_term_string"}],"inLanguage":"es"}]}},"_links":{"self":[{"href":"https:\/\/compu593.com\/index.php\/wp-json\/wp\/v2\/product\/8845"}],"collection":[{"href":"https:\/\/compu593.com\/index.php\/wp-json\/wp\/v2\/product"}],"about":[{"href":"https:\/\/compu593.com\/index.php\/wp-json\/wp\/v2\/types\/product"}],"wp:featuredmedia":[{"embeddable":true,"href":"https:\/\/compu593.com\/index.php\/wp-json\/wp\/v2\/media\/8846"}],"wp:attachment":[{"href":"https:\/\/compu593.com\/index.php\/wp-json\/wp\/v2\/media?parent=8845"}],"wp:term":[{"taxonomy":"product_cat","embeddable":true,"href":"https:\/\/compu593.com\/index.php\/wp-json\/wp\/v2\/product_cat?post=8845"},{"taxonomy":"product_tag","embeddable":true,"href":"https:\/\/compu593.com\/index.php\/wp-json\/wp\/v2\/product_tag?post=8845"}],"curies":[{"name":"wp","href":"https:\/\/api.w.org\/{rel}","templated":true}]}}