{"id":9000,"date":"2022-08-27T12:51:05","date_gmt":"2022-08-27T17:51:05","guid":{"rendered":"https:\/\/compu593.com\/?page_id=9000"},"modified":"2022-08-27T12:53:06","modified_gmt":"2022-08-27T17:53:06","slug":"microsoft-phone-activation","status":"publish","type":"page","link":"https:\/\/compu593.com\/index.php\/microsoft-phone-activation\/","title":{"rendered":"Microsoft Phone Activation"},"content":{"rendered":"\n<p><\/p>\n\n\n\n<p class=\"has-text-align-center\">Para obtener instrucciones sobre c\u00f3mo activar por tel\u00e9fono, consulte a continuaci\u00f3n.<\/p>\n\n\n\n<p class=\"has-text-align-center\">Una vez que descargue e instale desde los enlaces de descarga proporcionados (puede encontrarlos en la p\u00e1gina de su pedido o en el correo electr\u00f3nico de su pedido) una vez que ejecute sus aplicaciones de Office por primera vez, se le pedir\u00e1 que ingrese la clave, use la clave que nos ha comprado. Despu\u00e9s de eso, obtendr\u00e1 la siguiente pantalla, elija la activaci\u00f3n del tel\u00e9fono como m\u00e9todo de activaci\u00f3n y contin\u00fae siguiendo las instrucciones a continuaci\u00f3n<\/p>\n\n\n<div class=\"wp-block-image\">\n<figure class=\"aligncenter size-full is-resized\"><img src=\"https:\/\/compu593.com\/wp-content\/uploads\/2022\/08\/Clipboard01.webp\" alt=\"\" class=\"wp-image-9001\" width=\"600\" height=\"433\" srcset=\"https:\/\/compu593.com\/wp-content\/uploads\/2022\/08\/Clipboard01.webp 600w, https:\/\/compu593.com\/wp-content\/uploads\/2022\/08\/Clipboard01-300x217.webp 300w\" sizes=\"(max-width: 600px) 100vw, 600px\" \/><\/figure><\/div>\n\n\n<p class=\"has-text-align-center\">Ahora haga clic en&nbsp;<strong>siguiente<\/strong>&nbsp;para continuar.<br>Ver\u00e1 la secci\u00f3n de activaci\u00f3n telef\u00f3nica.<\/p>\n\n\n<div class=\"wp-block-image\">\n<figure class=\"aligncenter size-full\"><img width=\"600\" height=\"435\" src=\"https:\/\/compu593.com\/wp-content\/uploads\/2022\/08\/Clipboard03.webp\" alt=\"\" class=\"wp-image-9002\" srcset=\"https:\/\/compu593.com\/wp-content\/uploads\/2022\/08\/Clipboard03.webp 600w, https:\/\/compu593.com\/wp-content\/uploads\/2022\/08\/Clipboard03-300x218.webp 300w\" sizes=\"(max-width: 600px) 100vw, 600px\" \/><\/figure><\/div>\n\n\n<p class=\"has-text-align-center\">Una vez que haya determinado qu\u00e9 tipo de ID de instalaci\u00f3n se muestra<br>Ingrese al siguiente <strong>link<\/strong> <a href=\"https:\/\/bit.ly\/3pQ4b40\" target=\"_blank\" rel=\"noreferrer noopener\">https:\/\/bit.ly\/3pQ4b40<\/a><\/p>\n\n\n<div class=\"wp-block-image\">\n<figure class=\"aligncenter size-full\"><img width=\"599\" height=\"438\" src=\"https:\/\/compu593.com\/wp-content\/uploads\/2022\/08\/Clipboard04-1.webp\" alt=\"\" class=\"wp-image-9003\" srcset=\"https:\/\/compu593.com\/wp-content\/uploads\/2022\/08\/Clipboard04-1.webp 599w, https:\/\/compu593.com\/wp-content\/uploads\/2022\/08\/Clipboard04-1-300x219.webp 300w\" sizes=\"(max-width: 599px) 100vw, 599px\" \/><\/figure><\/div>\n\n\n<p class=\"has-text-align-center\">Ahora elija la opci\u00f3n&nbsp;<strong>de 6 d\u00edgitos<\/strong>&nbsp;o&nbsp;<strong>7 d\u00edgitos<\/strong>&nbsp;para iniciar la activaci\u00f3n del tel\u00e9fono.<\/p>\n\n\n<div class=\"wp-block-image\">\n<figure class=\"aligncenter size-full\"><img width=\"600\" height=\"437\" src=\"https:\/\/compu593.com\/wp-content\/uploads\/2022\/08\/Clipboard06.webp\" alt=\"\" class=\"wp-image-9004\" srcset=\"https:\/\/compu593.com\/wp-content\/uploads\/2022\/08\/Clipboard06.webp 600w, https:\/\/compu593.com\/wp-content\/uploads\/2022\/08\/Clipboard06-300x219.webp 300w\" sizes=\"(max-width: 600px) 100vw, 600px\" \/><figcaption>Ahora copie y pegue su&nbsp;<strong>ID de instalaci\u00f3n en<\/strong>&nbsp;los cuadros correspondientes y haga clic en enviar<\/figcaption><\/figure><\/div>\n\n<div class=\"wp-block-image\">\n<figure class=\"aligncenter size-full\"><img width=\"600\" height=\"438\" src=\"https:\/\/compu593.com\/wp-content\/uploads\/2022\/08\/Clipboard07.webp\" alt=\"\" class=\"wp-image-9005\" srcset=\"https:\/\/compu593.com\/wp-content\/uploads\/2022\/08\/Clipboard07.webp 600w, https:\/\/compu593.com\/wp-content\/uploads\/2022\/08\/Clipboard07-300x219.webp 300w\" sizes=\"(max-width: 600px) 100vw, 600px\" \/><figcaption>Ahora se le pedir\u00e1 que responda cu\u00e1ntas veces instal\u00f3 este producto,<strong>&nbsp;presione 0.&nbsp;<em>(La raz\u00f3n por la que elegimos 0 ya que a\u00fan no lo ha activado en ninguna PC)<\/em><\/strong><\/figcaption><\/figure><\/div>\n\n<div class=\"wp-block-image\">\n<figure class=\"aligncenter size-full\"><img width=\"600\" height=\"432\" src=\"https:\/\/compu593.com\/wp-content\/uploads\/2022\/08\/Clipboard08.webp\" alt=\"\" class=\"wp-image-9006\" srcset=\"https:\/\/compu593.com\/wp-content\/uploads\/2022\/08\/Clipboard08.webp 600w, https:\/\/compu593.com\/wp-content\/uploads\/2022\/08\/Clipboard08-300x216.webp 300w\" sizes=\"(max-width: 600px) 100vw, 600px\" \/><\/figure><\/div>\n\n\n<p class=\"has-text-align-center\">El sistema automatizado ahora verificar\u00e1 su ID de instalaci\u00f3n y generar\u00e1 el ID de confirmaci\u00f3n para usted<\/p>\n\n\n\n<p class=\"has-text-align-center\">Escriba el ID de confirmaci\u00f3n en su PC cuidadosamente y presione&nbsp;<strong>siguiente<\/strong>.<\/p>\n\n\n\n<p class=\"has-text-align-center\">Su activaci\u00f3n se ha realizado correctamente y est\u00e1 completamente instalada en su PC ahora<\/p>\n\n\n\n<p class=\"has-text-align-center\">Por favor, vea la imagen a continuaci\u00f3n.<\/p>\n\n\n<div class=\"wp-block-image\">\n<figure class=\"aligncenter size-full\"><img width=\"600\" height=\"436\" src=\"https:\/\/compu593.com\/wp-content\/uploads\/2022\/08\/Clipboard09.webp\" alt=\"\" class=\"wp-image-9007\" srcset=\"https:\/\/compu593.com\/wp-content\/uploads\/2022\/08\/Clipboard09.webp 600w, https:\/\/compu593.com\/wp-content\/uploads\/2022\/08\/Clipboard09-300x218.webp 300w\" sizes=\"(max-width: 600px) 100vw, 600px\" \/><\/figure><\/div>","protected":false},"excerpt":{"rendered":"<p>Para obtener instrucciones sobre c\u00f3mo activar por tel\u00e9fono, consulte a continuaci\u00f3n. Una vez que descargue e instale desde los enlaces de descarga<\/p>\n","protected":false},"author":1,"featured_media":0,"parent":0,"menu_order":0,"comment_status":"closed","ping_status":"closed","template":"","meta":{"om_disable_all_campaigns":false,"_monsterinsights_skip_tracking":false,"_monsterinsights_sitenote_active":false,"_monsterinsights_sitenote_note":"","_monsterinsights_sitenote_category":0},"yoast_head":"<!-- This site is optimized with the Yoast SEO plugin v19.13 - https:\/\/yoast.com\/wordpress\/plugins\/seo\/ -->\n<title>Microsoft Phone Activation - Compu593<\/title>\n<meta name=\"robots\" content=\"index, follow, max-snippet:-1, max-image-preview:large, max-video-preview:-1\" \/>\n<link rel=\"canonical\" href=\"https:\/\/compu593.com\/index.php\/microsoft-phone-activation\/\" \/>\n<meta property=\"og:locale\" content=\"es_ES\" \/>\n<meta property=\"og:type\" content=\"article\" \/>\n<meta property=\"og:title\" content=\"Microsoft Phone Activation - Compu593\" \/>\n<meta property=\"og:description\" content=\"Para obtener instrucciones sobre c\u00f3mo activar por tel\u00e9fono, consulte a continuaci\u00f3n. Una vez que descargue e instale desde los enlaces de descarga\" \/>\n<meta property=\"og:url\" content=\"https:\/\/compu593.com\/index.php\/microsoft-phone-activation\/\" \/>\n<meta property=\"og:site_name\" content=\"Compu593\" \/>\n<meta property=\"article:modified_time\" content=\"2022-08-27T17:53:06+00:00\" \/>\n<meta property=\"og:image\" content=\"https:\/\/compu593.com\/wp-content\/uploads\/2022\/08\/Clipboard01.webp\" \/>\n<meta name=\"twitter:card\" content=\"summary_large_image\" \/>\n<meta name=\"twitter:label1\" content=\"Tiempo de lectura\" \/>\n\t<meta name=\"twitter:data1\" content=\"3 minutos\" \/>\n<script type=\"application\/ld+json\" class=\"yoast-schema-graph\">{\"@context\":\"https:\/\/schema.org\",\"@graph\":[{\"@type\":\"WebPage\",\"@id\":\"https:\/\/compu593.com\/index.php\/microsoft-phone-activation\/\",\"url\":\"https:\/\/compu593.com\/index.php\/microsoft-phone-activation\/\",\"name\":\"Microsoft Phone Activation - Compu593\",\"isPartOf\":{\"@id\":\"https:\/\/compu593.com\/#website\"},\"datePublished\":\"2022-08-27T17:51:05+00:00\",\"dateModified\":\"2022-08-27T17:53:06+00:00\",\"breadcrumb\":{\"@id\":\"https:\/\/compu593.com\/index.php\/microsoft-phone-activation\/#breadcrumb\"},\"inLanguage\":\"es\",\"potentialAction\":[{\"@type\":\"ReadAction\",\"target\":[\"https:\/\/compu593.com\/index.php\/microsoft-phone-activation\/\"]}]},{\"@type\":\"BreadcrumbList\",\"@id\":\"https:\/\/compu593.com\/index.php\/microsoft-phone-activation\/#breadcrumb\",\"itemListElement\":[{\"@type\":\"ListItem\",\"position\":1,\"name\":\"Portada\",\"item\":\"https:\/\/compu593.com\/\"},{\"@type\":\"ListItem\",\"position\":2,\"name\":\"Microsoft Phone Activation\"}]},{\"@type\":\"WebSite\",\"@id\":\"https:\/\/compu593.com\/#website\",\"url\":\"https:\/\/compu593.com\/\",\"name\":\"Compu593\",\"description\":\"Key Store\",\"potentialAction\":[{\"@type\":\"SearchAction\",\"target\":{\"@type\":\"EntryPoint\",\"urlTemplate\":\"https:\/\/compu593.com\/?s={search_term_string}\"},\"query-input\":\"required name=search_term_string\"}],\"inLanguage\":\"es\"}]}<\/script>\n<!-- \/ Yoast SEO plugin. -->","yoast_head_json":{"title":"Microsoft Phone Activation - Compu593","robots":{"index":"index","follow":"follow","max-snippet":"max-snippet:-1","max-image-preview":"max-image-preview:large","max-video-preview":"max-video-preview:-1"},"canonical":"https:\/\/compu593.com\/index.php\/microsoft-phone-activation\/","og_locale":"es_ES","og_type":"article","og_title":"Microsoft Phone Activation - Compu593","og_description":"Para obtener instrucciones sobre c\u00f3mo activar por tel\u00e9fono, consulte a continuaci\u00f3n. Una vez que descargue e instale desde los enlaces de descarga","og_url":"https:\/\/compu593.com\/index.php\/microsoft-phone-activation\/","og_site_name":"Compu593","article_modified_time":"2022-08-27T17:53:06+00:00","og_image":[{"url":"https:\/\/compu593.com\/wp-content\/uploads\/2022\/08\/Clipboard01.webp"}],"twitter_card":"summary_large_image","twitter_misc":{"Tiempo de lectura":"3 minutos"},"schema":{"@context":"https:\/\/schema.org","@graph":[{"@type":"WebPage","@id":"https:\/\/compu593.com\/index.php\/microsoft-phone-activation\/","url":"https:\/\/compu593.com\/index.php\/microsoft-phone-activation\/","name":"Microsoft Phone Activation - Compu593","isPartOf":{"@id":"https:\/\/compu593.com\/#website"},"datePublished":"2022-08-27T17:51:05+00:00","dateModified":"2022-08-27T17:53:06+00:00","breadcrumb":{"@id":"https:\/\/compu593.com\/index.php\/microsoft-phone-activation\/#breadcrumb"},"inLanguage":"es","potentialAction":[{"@type":"ReadAction","target":["https:\/\/compu593.com\/index.php\/microsoft-phone-activation\/"]}]},{"@type":"BreadcrumbList","@id":"https:\/\/compu593.com\/index.php\/microsoft-phone-activation\/#breadcrumb","itemListElement":[{"@type":"ListItem","position":1,"name":"Portada","item":"https:\/\/compu593.com\/"},{"@type":"ListItem","position":2,"name":"Microsoft Phone Activation"}]},{"@type":"WebSite","@id":"https:\/\/compu593.com\/#website","url":"https:\/\/compu593.com\/","name":"Compu593","description":"Key Store","potentialAction":[{"@type":"SearchAction","target":{"@type":"EntryPoint","urlTemplate":"https:\/\/compu593.com\/?s={search_term_string}"},"query-input":"required name=search_term_string"}],"inLanguage":"es"}]}},"_links":{"self":[{"href":"https:\/\/compu593.com\/index.php\/wp-json\/wp\/v2\/pages\/9000"}],"collection":[{"href":"https:\/\/compu593.com\/index.php\/wp-json\/wp\/v2\/pages"}],"about":[{"href":"https:\/\/compu593.com\/index.php\/wp-json\/wp\/v2\/types\/page"}],"author":[{"embeddable":true,"href":"https:\/\/compu593.com\/index.php\/wp-json\/wp\/v2\/users\/1"}],"replies":[{"embeddable":true,"href":"https:\/\/compu593.com\/index.php\/wp-json\/wp\/v2\/comments?post=9000"}],"version-history":[{"count":2,"href":"https:\/\/compu593.com\/index.php\/wp-json\/wp\/v2\/pages\/9000\/revisions"}],"predecessor-version":[{"id":9010,"href":"https:\/\/compu593.com\/index.php\/wp-json\/wp\/v2\/pages\/9000\/revisions\/9010"}],"wp:attachment":[{"href":"https:\/\/compu593.com\/index.php\/wp-json\/wp\/v2\/media?parent=9000"}],"curies":[{"name":"wp","href":"https:\/\/api.w.org\/{rel}","templated":true}]}}